{"id":64,"date":"2024-09-16T08:44:23","date_gmt":"2024-09-16T08:44:23","guid":{"rendered":"http:\/\/octopus-service.fr\/?page_id=64"},"modified":"2024-10-04T13:36:55","modified_gmt":"2024-10-04T13:36:55","slug":"accueil-anglais","status":"publish","type":"page","link":"https:\/\/octopus-service.fr\/index.php\/en\/accueil-anglais\/","title":{"rendered":"Accueil-anglais"},"content":{"rendered":"\t\t<div data-elementor-type=\"wp-page\" data-elementor-id=\"64\" class=\"elementor elementor-64\">\n\t\t\t\t<div class=\"elementor-element elementor-element-7773e898 e-flex e-con-boxed e-con e-parent\" data-id=\"7773e898\" data-element_type=\"container\">\n\t\t\t\t\t<div class=\"e-con-inner\">\n\t\t<div class=\"elementor-element elementor-element-1df5c988 e-con-full e-flex e-con e-child\" data-id=\"1df5c988\" data-element_type=\"container\">\n\t\t\t\t<div class=\"elementor-element elementor-element-46c82ff5 elementor-widget elementor-widget-wp-widget-polylang\" data-id=\"46c82ff5\" data-element_type=\"widget\" data-widget_type=\"wp-widget-polylang.default\">\n\t\t\t\t<div class=\"elementor-widget-container\">\n\t\t\t<ul>\n\t<li class=\"lang-item lang-item-5 lang-item-fr current-lang lang-item-first\"><a  lang=\"fr-FR\" hreflang=\"fr-FR\" href=\"https:\/\/octopus-service.fr\/index.php\/fr\/accueil-francais\/\"><img decoding=\"async\" src=\"data:image\/png;base64,iVBORw0KGgoAAAANSUhEUgAAABAAAAALCAMAAABBPP0LAAAAbFBMVEVzldTg4ODS0tLxDwDtAwDjAADD0uz39\/fy8vL3k4nzgna4yOixwuXu7u7s6+zn5+fyd2rvcGPtZljYAABrjNCpvOHrWkxegsqfs93NAADpUUFRd8THAABBa7wnVbERRKa8vLyxsLCoqKigoKClCvcsAAAAXklEQVR4AS3JxUEAQQAEwZo13Mk\/R9w5\/7UERJCIGIgj5qfRJZEpPyNfCgJTjMR1eRRnJiExFJz5Mf1PokWr\/UztIjRGQ3V486u0HO55m634U6dMcf0RNPfkVCTvKjO16xHA8miowAAAAABJRU5ErkJggg==\" alt=\"\" width=\"16\" height=\"11\" style=\"width: 16px; height: 11px;\" \/><span style=\"margin-left:0.3em;\">Fran\u00e7ais<\/span><\/a><\/li>\n\t<li class=\"lang-item lang-item-11 lang-item-en\"><a  lang=\"en-GB\" hreflang=\"en-GB\" href=\"https:\/\/octopus-service.fr\/index.php\/en\/accueil-anglais\/\"><img decoding=\"async\" src=\"data:image\/png;base64,iVBORw0KGgoAAAANSUhEUgAAABAAAAALCAMAAABBPP0LAAAAt1BMVEWSmb66z+18msdig8La3u+tYX9IaLc7W7BagbmcUW+kqMr\/q6n+\/\/+hsNv\/lIr\/jIGMnNLJyOP9\/fyQttT\/wb3\/\/\/\/\/aWn+YWF5kNT0oqz0i4ueqtIZNJjhvt\/8gn\/\/WVr\/6+rN1+o9RKZwgcMPJpX\/VFT9UEn+RUX8Ozv2Ly+FGzdYZrfU1e\/8LS\/lQkG\/mbVUX60AE231hHtcdMb0mp3qYFTFwNu3w9prcqSURGNDaaIUMX5FNW5wYt7AAAAAjklEQVR4AR3HNUJEMQCGwf+L8RR36ajR+1+CEuvRdd8kK9MNAiRQNgJmVDAt1yM6kSzYVJUsPNssAk5N7ZFKjVNFAY4co6TAOI+kyQm+LFUEBEKKzuWUNB7rSH\/rSnvOulOGk+QlXTBqMIrfYX4tSe2nP3iRa\/KNK7uTmWJ5a9+erZ3d+18od4ytiZdvZyuKWy8o3UpTVAAAAABJRU5ErkJggg==\" alt=\"\" width=\"16\" height=\"11\" style=\"width: 16px; height: 11px;\" \/><span style=\"margin-left:0.3em;\">English<\/span><\/a><\/li>\n<\/ul>\n\t\t<\/div>\n\t\t\t\t<\/div>\n\t\t\t\t<\/div>\n\t\t<div class=\"elementor-element elementor-element-2c26f76 e-con-full e-flex e-con e-child\" data-id=\"2c26f76\" data-element_type=\"container\">\n\t\t\t\t<div class=\"elementor-element elementor-element-4817a6c6 elementor-widget elementor-widget-heading\" data-id=\"4817a6c6\" data-element_type=\"widget\" data-widget_type=\"heading.default\">\n\t\t\t\t<div class=\"elementor-widget-container\">\n\t\t\t<h1 class=\"elementor-heading-title elementor-size-default\">OCTOPUS SERVICE VTC<\/h1>\t\t<\/div>\n\t\t\t\t<\/div>\n\t\t\t\t<\/div>\n\t\t<div class=\"elementor-element elementor-element-3b779ef5 e-con-full e-flex e-con e-child\" data-id=\"3b779ef5\" data-element_type=\"container\">\n\t\t\t\t<div class=\"elementor-element elementor-element-2ec92c72 elementor-shape-rounded elementor-grid-0 e-grid-align-center elementor-widget elementor-widget-social-icons\" data-id=\"2ec92c72\" data-element_type=\"widget\" data-widget_type=\"social-icons.default\">\n\t\t\t\t<div class=\"elementor-widget-container\">\n\t\t\t\t\t<div class=\"elementor-social-icons-wrapper elementor-grid\">\n\t\t\t\t\t\t\t<span class=\"elementor-grid-item\">\n\t\t\t\t\t<a class=\"elementor-icon elementor-social-icon elementor-social-icon-facebook elementor-repeater-item-046a67a\" href=\"https:\/\/www.facebook.com\/profile.php?id=61562137893776\" target=\"_blank\">\n\t\t\t\t\t\t<span class=\"elementor-screen-only\">Facebook<\/span>\n\t\t\t\t\t\t<svg class=\"e-font-icon-svg e-fab-facebook\" viewBox=\"0 0 512 512\" xmlns=\"http:\/\/www.w3.org\/2000\/svg\"><path d=\"M504 256C504 119 393 8 256 8S8 119 8 256c0 123.78 90.69 226.38 209.25 245V327.69h-63V256h63v-54.64c0-62.15 37-96.48 93.67-96.48 27.14 0 55.52 4.84 55.52 4.84v61h-31.28c-30.8 0-40.41 19.12-40.41 38.73V256h68.78l-11 71.69h-57.78V501C413.31 482.38 504 379.78 504 256z\"><\/path><\/svg>\t\t\t\t\t<\/a>\n\t\t\t\t<\/span>\n\t\t\t\t\t\t\t<span class=\"elementor-grid-item\">\n\t\t\t\t\t<a class=\"elementor-icon elementor-social-icon elementor-social-icon-instagram elementor-repeater-item-46fd003\" href=\"https:\/\/www.instagram.com\/octopus_service_vtc\/\" target=\"_blank\">\n\t\t\t\t\t\t<span class=\"elementor-screen-only\">Instagram<\/span>\n\t\t\t\t\t\t<svg class=\"e-font-icon-svg e-fab-instagram\" viewBox=\"0 0 448 512\" xmlns=\"http:\/\/www.w3.org\/2000\/svg\"><path d=\"M224.1 141c-63.6 0-114.9 51.3-114.9 114.9s51.3 114.9 114.9 114.9S339 319.5 339 255.9 287.7 141 224.1 141zm0 189.6c-41.1 0-74.7-33.5-74.7-74.7s33.5-74.7 74.7-74.7 74.7 33.5 74.7 74.7-33.6 74.7-74.7 74.7zm146.4-194.3c0 14.9-12 26.8-26.8 26.8-14.9 0-26.8-12-26.8-26.8s12-26.8 26.8-26.8 26.8 12 26.8 26.8zm76.1 27.2c-1.7-35.9-9.9-67.7-36.2-93.9-26.2-26.2-58-34.4-93.9-36.2-37-2.1-147.9-2.1-184.9 0-35.8 1.7-67.6 9.9-93.9 36.1s-34.4 58-36.2 93.9c-2.1 37-2.1 147.9 0 184.9 1.7 35.9 9.9 67.7 36.2 93.9s58 34.4 93.9 36.2c37 2.1 147.9 2.1 184.9 0 35.9-1.7 67.7-9.9 93.9-36.2 26.2-26.2 34.4-58 36.2-93.9 2.1-37 2.1-147.8 0-184.8zM398.8 388c-7.8 19.6-22.9 34.7-42.6 42.6-29.5 11.7-99.5 9-132.1 9s-102.7 2.6-132.1-9c-19.6-7.8-34.7-22.9-42.6-42.6-11.7-29.5-9-99.5-9-132.1s-2.6-102.7 9-132.1c7.8-19.6 22.9-34.7 42.6-42.6 29.5-11.7 99.5-9 132.1-9s102.7-2.6 132.1 9c19.6 7.8 34.7 22.9 42.6 42.6 11.7 29.5 9 99.5 9 132.1s2.7 102.7-9 132.1z\"><\/path><\/svg>\t\t\t\t\t<\/a>\n\t\t\t\t<\/span>\n\t\t\t\t\t\t\t<span class=\"elementor-grid-item\">\n\t\t\t\t\t<a class=\"elementor-icon elementor-social-icon elementor-social-icon-google elementor-repeater-item-590106b\" href=\"https:\/\/www.google.com\/search?sca_esv=2fcb7b144273d9&#038;sxsrf=ADLYWIKoSRjGYIzy_3VBym-12vX1vRRrjQ%3A1726478940445&#038;q=OCTOPUS%20SERVICE%20VTC&#038;stick=H4sIAAAAAAAAAONgU1I1qEi0ME1JM7VMTrY0MbEwSrG0MqhITTNMtjRKA6K0lJS0FLNFrML-ziH-AaHBCsGuQWGezq4KYSHOADmmSs4_AAAA&#038;mat=CfoYtMymXkfc&#038;ved=2ahUKEwio_9Ofk8eIAxXlSkEAHbwoKmgQrMcEegQIChAD\" target=\"_blank\">\n\t\t\t\t\t\t<span class=\"elementor-screen-only\">Google<\/span>\n\t\t\t\t\t\t<svg class=\"e-font-icon-svg e-fab-google\" viewBox=\"0 0 488 512\" xmlns=\"http:\/\/www.w3.org\/2000\/svg\"><path d=\"M488 261.8C488 403.3 391.1 504 248 504 110.8 504 0 393.2 0 256S110.8 8 248 8c66.8 0 123 24.5 166.3 64.9l-67.5 64.9C258.5 52.6 94.3 116.6 94.3 256c0 86.5 69.1 156.6 153.7 156.6 98.2 0 135-70.4 140.8-106.9H248v-85.3h236.1c2.3 12.7 3.9 24.9 3.9 41.4z\"><\/path><\/svg>\t\t\t\t\t<\/a>\n\t\t\t\t<\/span>\n\t\t\t\t\t<\/div>\n\t\t\t\t<\/div>\n\t\t\t\t<\/div>\n\t\t\t\t<\/div>\n\t\t\t\t\t<\/div>\n\t\t\t\t<\/div>\n\t\t<div class=\"elementor-element elementor-element-2ba6fd71 e-flex e-con-boxed e-con e-parent\" data-id=\"2ba6fd71\" data-element_type=\"container\" data-settings=\"{&quot;background_background&quot;:&quot;classic&quot;}\">\n\t\t\t\t\t<div class=\"e-con-inner\">\n\t\t<div class=\"elementor-element elementor-element-5b4a0660 e-con-full e-flex e-con e-child\" data-id=\"5b4a0660\" data-element_type=\"container\">\n\t\t\t\t<\/div>\n\t\t<div class=\"elementor-element elementor-element-47a89908 e-con-full e-flex e-con e-child\" data-id=\"47a89908\" data-element_type=\"container\">\n\t\t\t\t<\/div>\n\t\t<div class=\"elementor-element elementor-element-681d5610 e-con-full e-flex e-con e-child\" data-id=\"681d5610\" data-element_type=\"container\">\n\t\t\t\t<\/div>\n\t\t\t\t\t<\/div>\n\t\t\t\t<\/div>\n\t\t<div class=\"elementor-element elementor-element-7fd0f488 e-flex e-con-boxed e-con e-parent\" data-id=\"7fd0f488\" data-element_type=\"container\">\n\t\t\t\t\t<div class=\"e-con-inner\">\n\t\t<div class=\"elementor-element elementor-element-47521816 e-con-full e-flex e-con e-child\" data-id=\"47521816\" data-element_type=\"container\">\n\t\t\t\t<div class=\"elementor-element elementor-element-5dbd2e90 elementor-widget elementor-widget-image\" data-id=\"5dbd2e90\" data-element_type=\"widget\" data-widget_type=\"image.default\">\n\t\t\t\t<div class=\"elementor-widget-container\">\n\t\t\t\t\t\t\t\t\t\t\t\t\t<img fetchpriority=\"high\" decoding=\"async\" width=\"800\" height=\"600\" src=\"https:\/\/octopus-service.fr\/wp-content\/uploads\/2024\/08\/TESLA-octopus-1-1024x768.jpg\" class=\"attachment-large size-large wp-image-51\" alt=\"\" srcset=\"https:\/\/octopus-service.fr\/wp-content\/uploads\/2024\/08\/TESLA-octopus-1-1024x768.jpg 1024w, https:\/\/octopus-service.fr\/wp-content\/uploads\/2024\/08\/TESLA-octopus-1-300x225.jpg 300w, https:\/\/octopus-service.fr\/wp-content\/uploads\/2024\/08\/TESLA-octopus-1-768x576.jpg 768w, https:\/\/octopus-service.fr\/wp-content\/uploads\/2024\/08\/TESLA-octopus-1-1536x1152.jpg 1536w, https:\/\/octopus-service.fr\/wp-content\/uploads\/2024\/08\/TESLA-octopus-1.jpg 1600w\" sizes=\"(max-width: 800px) 100vw, 800px\" \/>\t\t\t\t\t\t\t\t\t\t\t\t\t<\/div>\n\t\t\t\t<\/div>\n\t\t\t\t<\/div>\n\t\t<div class=\"elementor-element elementor-element-1403ce32 e-con-full e-flex e-con e-child\" data-id=\"1403ce32\" data-element_type=\"container\">\n\t\t\t\t<div class=\"elementor-element elementor-element-1edd592e elementor-widget elementor-widget-text-editor\" data-id=\"1edd592e\" data-element_type=\"widget\" data-widget_type=\"text-editor.default\">\n\t\t\t\t<div class=\"elementor-widget-container\">\n\t\t\t\t\t\t\t<p>OCTOPUS SERVICE VTC was created in November 2023, with its head office in Sallanches. The area covered by this new VTC service includes the Mont Blanc region, but its central location means that all destinations in Haute-Savoie and beyond are possible.<\/p><p>Many local journeys, even short ones, are difficult for local residents or tourists to make, due to limited public transport and the lack of availability of taxis.<\/p><p>OCTOPUS SERVICE VTC wants to develop a policy of local service at competitive rates and also offer competitive flat-rate services for longer journeys.<\/p>\t\t\t\t\t\t<\/div>\n\t\t\t\t<\/div>\n\t\t\t\t<\/div>\n\t\t\t\t\t<\/div>\n\t\t\t\t<\/div>\n\t\t<div class=\"elementor-element elementor-element-65f5fcf5 e-flex e-con-boxed e-con e-parent\" data-id=\"65f5fcf5\" data-element_type=\"container\">\n\t\t\t\t\t<div class=\"e-con-inner\">\n\t\t<div class=\"elementor-element elementor-element-4fde1fbb e-con-full e-flex e-con e-child\" data-id=\"4fde1fbb\" data-element_type=\"container\" data-settings=\"{&quot;background_background&quot;:&quot;classic&quot;}\">\n\t\t\t\t<\/div>\n\t\t<div class=\"elementor-element elementor-element-7aa11f5a e-con-full e-flex e-con e-child\" data-id=\"7aa11f5a\" data-element_type=\"container\">\n\t\t<div class=\"elementor-element elementor-element-60ae2774 e-con-full e-flex e-con e-child\" data-id=\"60ae2774\" data-element_type=\"container\">\n\t\t\t\t<div class=\"elementor-element elementor-element-3cda886e elementor-widget elementor-widget-text-editor\" data-id=\"3cda886e\" data-element_type=\"widget\" data-widget_type=\"text-editor.default\">\n\t\t\t\t<div class=\"elementor-widget-container\">\n\t\t\t\t\t\t\t<p>To transport you in maximum comfort, we have chosen an electric saloon car. Wherever possible, the car is recharged using the photovoltaic solar energy available at the car park. And if you need a quick charge to meet your destination requirements, you can be sure of one of the superchargers in\u00a0 Sallanches shopping area.<\/p>\t\t\t\t\t\t<\/div>\n\t\t\t\t<\/div>\n\t\t\t\t<\/div>\n\t\t<div class=\"elementor-element elementor-element-5797c429 e-con-full e-flex e-con e-child\" data-id=\"5797c429\" data-element_type=\"container\">\n\t\t\t\t<div class=\"elementor-element elementor-element-22d1b99b elementor-widget__width-initial elementor-widget elementor-widget-image\" data-id=\"22d1b99b\" data-element_type=\"widget\" data-widget_type=\"image.default\">\n\t\t\t\t<div class=\"elementor-widget-container\">\n\t\t\t\t\t\t\t\t\t\t\t\t\t<img loading=\"lazy\" decoding=\"async\" width=\"800\" height=\"498\" src=\"https:\/\/octopus-service.fr\/wp-content\/uploads\/2024\/08\/WhatsApp-Image-2024-08-26-a-09.20.21_5e4cc559-1024x638.jpg\" class=\"attachment-large size-large wp-image-53\" alt=\"\" srcset=\"https:\/\/octopus-service.fr\/wp-content\/uploads\/2024\/08\/WhatsApp-Image-2024-08-26-a-09.20.21_5e4cc559-1024x638.jpg 1024w, https:\/\/octopus-service.fr\/wp-content\/uploads\/2024\/08\/WhatsApp-Image-2024-08-26-a-09.20.21_5e4cc559-300x187.jpg 300w, https:\/\/octopus-service.fr\/wp-content\/uploads\/2024\/08\/WhatsApp-Image-2024-08-26-a-09.20.21_5e4cc559-768x479.jpg 768w, https:\/\/octopus-service.fr\/wp-content\/uploads\/2024\/08\/WhatsApp-Image-2024-08-26-a-09.20.21_5e4cc559-1536x957.jpg 1536w, https:\/\/octopus-service.fr\/wp-content\/uploads\/2024\/08\/WhatsApp-Image-2024-08-26-a-09.20.21_5e4cc559.jpg 1600w\" sizes=\"(max-width: 800px) 100vw, 800px\" \/>\t\t\t\t\t\t\t\t\t\t\t\t\t<\/div>\n\t\t\t\t<\/div>\n\t\t\t\t<\/div>\n\t\t\t\t<\/div>\n\t\t\t\t\t<\/div>\n\t\t\t\t<\/div>\n\t\t<div class=\"elementor-element elementor-element-311b09e6 e-flex e-con-boxed e-con e-parent\" data-id=\"311b09e6\" data-element_type=\"container\">\n\t\t\t\t\t<div class=\"e-con-inner\">\n\t\t<div class=\"elementor-element elementor-element-37ddf1e0 e-con-full e-flex e-con e-child\" data-id=\"37ddf1e0\" data-element_type=\"container\">\n\t\t\t\t<\/div>\n\t\t<div class=\"elementor-element elementor-element-31ca297e e-con-full e-flex e-con e-child\" data-id=\"31ca297e\" data-element_type=\"container\">\n\t\t\t\t<div class=\"elementor-element elementor-element-3a7a2786 elementor-widget elementor-widget-heading\" data-id=\"3a7a2786\" data-element_type=\"widget\" data-widget_type=\"heading.default\">\n\t\t\t\t<div class=\"elementor-widget-container\">\n\t\t\t<h2 class=\"elementor-heading-title elementor-size-default\">Request your reservation :<\/h2>\t\t<\/div>\n\t\t\t\t<\/div>\n\t\t\t\t<div class=\"elementor-element elementor-element-3a38d722 elementor-widget elementor-widget-text-editor\" data-id=\"3a38d722\" data-element_type=\"widget\" data-widget_type=\"text-editor.default\">\n\t\t\t\t<div class=\"elementor-widget-container\">\n\t\t\t\t\t\t\t<p>Could you please send me the following information (this is a legal requirement)<\/p>\t\t\t\t\t\t<\/div>\n\t\t\t\t<\/div>\n\t\t\t\t<div class=\"elementor-element elementor-element-7a43dc54 elementor-widget elementor-widget-wpforms\" data-id=\"7a43dc54\" data-element_type=\"widget\" data-widget_type=\"wpforms.default\">\n\t\t\t\t<div class=\"elementor-widget-container\">\n\t\t\t<style id=\"wpforms-css-vars-root\">\n\t\t\t\t:root {\n\t\t\t\t\t--wpforms-field-border-radius: 3px;\n--wpforms-field-border-style: solid;\n--wpforms-field-border-size: 1px;\n--wpforms-field-background-color: #ffffff;\n--wpforms-field-border-color: rgba( 0, 0, 0, 0.25 );\n--wpforms-field-border-color-spare: rgba( 0, 0, 0, 0.25 );\n--wpforms-field-text-color: rgba( 0, 0, 0, 0.7 );\n--wpforms-field-menu-color: #ffffff;\n--wpforms-label-color: rgba( 0, 0, 0, 0.85 );\n--wpforms-label-sublabel-color: rgba( 0, 0, 0, 0.55 );\n--wpforms-label-error-color: #d63637;\n--wpforms-button-border-radius: 3px;\n--wpforms-button-border-style: none;\n--wpforms-button-border-size: 1px;\n--wpforms-button-background-color: #066aab;\n--wpforms-button-border-color: #066aab;\n--wpforms-button-text-color: #ffffff;\n--wpforms-page-break-color: #066aab;\n--wpforms-background-image: none;\n--wpforms-background-position: center center;\n--wpforms-background-repeat: no-repeat;\n--wpforms-background-size: cover;\n--wpforms-background-width: 100px;\n--wpforms-background-height: 100px;\n--wpforms-background-color: rgba( 0, 0, 0, 0 );\n--wpforms-background-url: none;\n--wpforms-container-padding: 0px;\n--wpforms-container-border-style: none;\n--wpforms-container-border-width: 1px;\n--wpforms-container-border-color: #000000;\n--wpforms-container-border-radius: 3px;\n--wpforms-field-size-input-height: 43px;\n--wpforms-field-size-input-spacing: 15px;\n--wpforms-field-size-font-size: 16px;\n--wpforms-field-size-line-height: 19px;\n--wpforms-field-size-padding-h: 14px;\n--wpforms-field-size-checkbox-size: 16px;\n--wpforms-field-size-sublabel-spacing: 5px;\n--wpforms-field-size-icon-size: 1;\n--wpforms-label-size-font-size: 16px;\n--wpforms-label-size-line-height: 19px;\n--wpforms-label-size-sublabel-font-size: 14px;\n--wpforms-label-size-sublabel-line-height: 17px;\n--wpforms-button-size-font-size: 17px;\n--wpforms-button-size-height: 41px;\n--wpforms-button-size-padding-h: 15px;\n--wpforms-button-size-margin-top: 10px;\n--wpforms-container-shadow-size-box-shadow: none;\n\n\t\t\t\t}\n\t\t\t<\/style><style id=\"wpforms-css-vars-elementor-widget-7a43dc54\">\n\t\t\t\t.elementor-widget-wpforms.elementor-element-7a43dc54 {\n\t\t\t\t\t--wpforms-field-text-color: #000000;\n--wpforms-label-color: #FFFFFFD9;\n--wpforms-button-background-color: #AA18CB;\n--wpforms-field-size-input-height: 43px;\n--wpforms-field-size-input-spacing: 15px;\n--wpforms-field-size-font-size: 16px;\n--wpforms-field-size-line-height: 19px;\n--wpforms-field-size-padding-h: 14px;\n--wpforms-field-size-checkbox-size: 16px;\n--wpforms-field-size-sublabel-spacing: 5px;\n--wpforms-field-size-icon-size: 1;\n--wpforms-label-size-font-size: 16px;\n--wpforms-label-size-line-height: 19px;\n--wpforms-label-size-sublabel-font-size: 14px;\n--wpforms-label-size-sublabel-line-height: 17px;\n--wpforms-button-size-font-size: 17px;\n--wpforms-button-size-height: 41px;\n--wpforms-button-size-padding-h: 15px;\n--wpforms-button-size-margin-top: 10px;\n\n\t\t\t\t}\n\t\t\t<\/style><div class=\"wpforms-container wpforms-container-full wpforms-render-modern\" id=\"wpforms-34\"><form id=\"wpforms-form-34\" class=\"wpforms-validate wpforms-form wpforms-ajax-form\" data-formid=\"34\" method=\"post\" enctype=\"multipart\/form-data\" action=\"\/index.php\/wp-json\/wp\/v2\/pages\/64\" data-token=\"4fd98adf6525bea6baefa1925e8c5335\" data-token-time=\"1775305141\"><noscript class=\"wpforms-error-noscript\">Veuillez activer JavaScript dans votre navigateur pour remplir ce formulaire.<\/noscript><div class=\"wpforms-hidden\" id=\"wpforms-error-noscript\">Veuillez activer JavaScript dans votre navigateur pour remplir ce formulaire.<\/div><div class=\"wpforms-field-container\"><div id=\"wpforms-34-field_9-container\" class=\"wpforms-field wpforms-field-name\" data-field-id=\"9\"><label class=\"wpforms-field-label\" for=\"wpforms-34-field_9\">Nom et Prenom \/ Surname and name <span class=\"wpforms-required-label\" aria-hidden=\"true\">*<\/span><\/label><input type=\"text\" id=\"wpforms-34-field_9\" class=\"wpforms-field-medium wpforms-field-required\" name=\"wpforms[fields][9]\" aria-errormessage=\"wpforms-34-field_9-error\" required><\/div><div id=\"wpforms-34-field_6-container\" class=\"wpforms-field wpforms-field-number\" data-field-id=\"6\"><label class=\"wpforms-field-label\" for=\"wpforms-34-field_6\">Coordonn\u00e9es t\u00e9l\u00e9phoniques \/ Phone number <span class=\"wpforms-required-label\" aria-hidden=\"true\">*<\/span><\/label><input type=\"number\" id=\"wpforms-34-field_6\" class=\"wpforms-field-medium wpforms-field-required\" name=\"wpforms[fields][6]\" aria-errormessage=\"wpforms-34-field_6-error\" required><\/div><div id=\"wpforms-34-field_2-container\" class=\"wpforms-field wpforms-field-text\" data-field-id=\"2\"><label class=\"wpforms-field-label\" for=\"wpforms-34-field_2\">Date du transport souhait\u00e9 \/ Date of travel <span class=\"wpforms-required-label\" aria-hidden=\"true\">*<\/span><\/label><input type=\"text\" id=\"wpforms-34-field_2\" class=\"wpforms-field-medium wpforms-field-required\" name=\"wpforms[fields][2]\" aria-errormessage=\"wpforms-34-field_2-error\" required><\/div><div id=\"wpforms-34-field_4-container\" class=\"wpforms-field wpforms-field-text\" data-field-id=\"4\"><label class=\"wpforms-field-label\" for=\"wpforms-34-field_4\">Heure de prise en charge souhait\u00e9e \/ Time of travel <span class=\"wpforms-required-label\" aria-hidden=\"true\">*<\/span><\/label><input type=\"text\" id=\"wpforms-34-field_4\" class=\"wpforms-field-medium wpforms-field-required\" name=\"wpforms[fields][4]\" aria-errormessage=\"wpforms-34-field_4-error\" required><\/div><div id=\"wpforms-34-field_3-container\" class=\"wpforms-field wpforms-field-text\" data-field-id=\"3\"><label class=\"wpforms-field-label\" for=\"wpforms-34-field_3\">Lieu de prise en charge (adresse) \/ Adress of pick-up <span class=\"wpforms-required-label\" aria-hidden=\"true\">*<\/span><\/label><input type=\"text\" id=\"wpforms-34-field_3\" class=\"wpforms-field-medium wpforms-field-required\" name=\"wpforms[fields][3]\" aria-errormessage=\"wpforms-34-field_3-error\" required><\/div><div id=\"wpforms-34-field_12-container\" class=\"wpforms-field wpforms-field-text\" data-field-id=\"12\"><label class=\"wpforms-field-label\" for=\"wpforms-34-field_12\">destination  \/ Destination adress<\/label><input type=\"text\" id=\"wpforms-34-field_12\" class=\"wpforms-field-medium\" name=\"wpforms[fields][12]\" aria-errormessage=\"wpforms-34-field_12-error\" ><\/div><div id=\"wpforms-34-field_7-container\" class=\"wpforms-field wpforms-field-email\" data-field-id=\"7\"><label class=\"wpforms-field-label\" for=\"wpforms-34-field_7\">Email<\/label><input type=\"email\" id=\"wpforms-34-field_7\" class=\"wpforms-field-medium\" name=\"wpforms[fields][7]\" spellcheck=\"false\" aria-errormessage=\"wpforms-34-field_7-error\" ><\/div><div id=\"wpforms-34-field_10-container\" class=\"wpforms-field wpforms-field-number\" data-field-id=\"10\"><label class=\"wpforms-field-label\" for=\"wpforms-34-field_10\">Nombre de passager \/ Number of passengers<\/label><input type=\"number\" id=\"wpforms-34-field_10\" class=\"wpforms-field-medium\" name=\"wpforms[fields][10]\" aria-errormessage=\"wpforms-34-field_10-error\" ><\/div><div id=\"wpforms-34-field_11-container\" class=\"wpforms-field wpforms-field-text\" data-field-id=\"11\"><label class=\"wpforms-field-label\" for=\"wpforms-34-field_11\">Volume des bagages \/ Number and size of suitcases - luggage  <\/label><input type=\"text\" id=\"wpforms-34-field_11\" class=\"wpforms-field-medium\" name=\"wpforms[fields][11]\" aria-errormessage=\"wpforms-34-field_11-error\" ><\/div><\/div><!-- .wpforms-field-container --><div class=\"wpforms-recaptcha-container wpforms-is-recaptcha wpforms-is-recaptcha-type-v3\" ><input type=\"hidden\" name=\"wpforms[recaptcha]\" value=\"\"><\/div><div class=\"wpforms-submit-container\" ><input type=\"hidden\" name=\"wpforms[id]\" value=\"34\"><input type=\"hidden\" name=\"page_title\" value=\"\"><input type=\"hidden\" name=\"page_url\" value=\"https:\/\/octopus-service.fr\/index.php\/wp-json\/wp\/v2\/pages\/64\"><button type=\"submit\" name=\"wpforms[submit]\" id=\"wpforms-submit-34\" class=\"wpforms-submit\" data-alt-text=\"Envoi en cours...\" data-submit-text=\"ENVOYER\" aria-live=\"assertive\" value=\"wpforms-submit\">ENVOYER<\/button><img loading=\"lazy\" decoding=\"async\" src=\"https:\/\/octopus-service.fr\/wp-content\/plugins\/wpforms-lite\/assets\/images\/submit-spin.svg\" class=\"wpforms-submit-spinner\" style=\"display: none;\" width=\"26\" height=\"26\" alt=\"Chargement en cours\"><\/div><\/form><\/div>  <!-- .wpforms-container -->\t\t<\/div>\n\t\t\t\t<\/div>\n\t\t\t\t<div class=\"elementor-element elementor-element-6321ea7c elementor-widget elementor-widget-text-editor\" data-id=\"6321ea7c\" data-element_type=\"widget\" data-widget_type=\"text-editor.default\">\n\t\t\t\t<div class=\"elementor-widget-container\">\n\t\t\t\t\t\t\t<p>As soon as I receive this information, I will send you your booking confirmation.\u00a0 Thank you in advance and I look forward to hearing from you.<\/p>\t\t\t\t\t\t<\/div>\n\t\t\t\t<\/div>\n\t\t\t\t<\/div>\n\t\t<div class=\"elementor-element elementor-element-e731d62 e-con-full e-flex e-con e-child\" data-id=\"e731d62\" data-element_type=\"container\">\n\t\t\t\t<\/div>\n\t\t\t\t\t<\/div>\n\t\t\t\t<\/div>\n\t\t\t\t<\/div>\n\t\t","protected":false},"excerpt":{"rendered":"<p>OCTOPUS SERVICE VTC Facebook Instagram Google OCTOPUS SERVICE VTC was created in November 2023, with its head office in Sallanches. The area covered by this new VTC service includes the Mont Blanc region, but its central location means that all destinations in Haute-Savoie and beyond are possible. Many local journeys, even short ones, are difficult [&hellip;]<\/p>\n","protected":false},"author":1,"featured_media":0,"parent":0,"menu_order":0,"comment_status":"closed","ping_status":"closed","template":"elementor_canvas","meta":{"footnotes":""},"class_list":["post-64","page","type-page","status-publish","hentry"],"_links":{"self":[{"href":"https:\/\/octopus-service.fr\/index.php\/wp-json\/wp\/v2\/pages\/64","targetHints":{"allow":["GET"]}}],"collection":[{"href":"https:\/\/octopus-service.fr\/index.php\/wp-json\/wp\/v2\/pages"}],"about":[{"href":"https:\/\/octopus-service.fr\/index.php\/wp-json\/wp\/v2\/types\/page"}],"author":[{"embeddable":true,"href":"https:\/\/octopus-service.fr\/index.php\/wp-json\/wp\/v2\/users\/1"}],"replies":[{"embeddable":true,"href":"https:\/\/octopus-service.fr\/index.php\/wp-json\/wp\/v2\/comments?post=64"}],"version-history":[{"count":28,"href":"https:\/\/octopus-service.fr\/index.php\/wp-json\/wp\/v2\/pages\/64\/revisions"}],"predecessor-version":[{"id":129,"href":"https:\/\/octopus-service.fr\/index.php\/wp-json\/wp\/v2\/pages\/64\/revisions\/129"}],"wp:attachment":[{"href":"https:\/\/octopus-service.fr\/index.php\/wp-json\/wp\/v2\/media?parent=64"}],"curies":[{"name":"wp","href":"https:\/\/api.w.org\/{rel}","templated":true}]}}